{"id":17,"date":"2025-07-19T11:58:30","date_gmt":"2025-07-19T11:58:30","guid":{"rendered":"https:\/\/contatto.ch\/wordpress\/?page_id=17"},"modified":"2026-02-01T16:07:00","modified_gmt":"2026-02-01T16:07:00","slug":"lageplan","status":"publish","type":"page","link":"https:\/\/contatto.ch\/wordpress\/index.php\/lageplan\/","title":{"rendered":"Kontakt &amp; Lageplan"},"content":{"rendered":"\n<h5 class=\"wp-block-heading has-text-align-left is-style-default\">Sie erreichen uns f\u00fcr Anfragen w\u00e4hrend den B\u00fcrozeiten telefonisch unter: <br>061 515 02 66 oder 076 324 20 01<\/h5>\n\n\n<style id=\"wpforms-css-vars-110-block-b10ceb87-17e8-4f07-bc6c-f65b0d956764\">\n\t\t\t\t#wpforms-110.wpforms-block-b10ceb87-17e8-4f07-bc6c-f65b0d956764 {\n\t\t\t\t--wpforms-field-size-input-height: 43px;\n--wpforms-field-size-input-spacing: 15px;\n--wpforms-field-size-font-size: 16px;\n--wpforms-field-size-line-height: 19px;\n--wpforms-field-size-padding-h: 14px;\n--wpforms-field-size-checkbox-size: 16px;\n--wpforms-field-size-sublabel-spacing: 5px;\n--wpforms-field-size-icon-size: 1;\n--wpforms-label-size-font-size: 16px;\n--wpforms-label-size-line-height: 19px;\n--wpforms-label-size-sublabel-font-size: 14px;\n--wpforms-label-size-sublabel-line-height: 17px;\n--wpforms-button-size-font-size: 17px;\n--wpforms-button-size-height: 41px;\n--wpforms-button-size-padding-h: 15px;\n--wpforms-button-size-margin-top: 10px;\n\t\t\t}\n\t\t\t<\/style><div class=\"wpforms-container wpforms-container-full wpforms-block wpforms-block-b10ceb87-17e8-4f07-bc6c-f65b0d956764 wpforms-render-modern\" id=\"wpforms-110\"><form id=\"wpforms-form-110\" class=\"wpforms-validate wpforms-form wpforms-ajax-form\" data-formid=\"110\" method=\"post\" enctype=\"multipart\/form-data\" action=\"\/wordpress\/index.php\/wp-json\/wp\/v2\/pages\/17\" data-token=\"c4084890654511793c1129a8cadf5bb4\" data-token-time=\"1775821492\"><noscript class=\"wpforms-error-noscript\">Bitte aktivieren Sie JavaScript in Ihrem Browser, um dieses Formular fertigzustellen.<\/noscript><div id=\"wpforms-error-noscript\" style=\"display: none;\">Bitte aktivieren Sie JavaScript in Ihrem Browser, um dieses Formular fertigzustellen.<\/div><div class=\"wpforms-field-container\">\t\t<div id=\"wpforms-110-field_4-container\"\n\t\t\tclass=\"wpforms-field wpforms-field-text\"\n\t\t\tdata-field-type=\"text\"\n\t\t\tdata-field-id=\"4\"\n\t\t\t>\n\t\t\t<label class=\"wpforms-field-label\" for=\"wpforms-110-field_4\" >E-Mail oder Nachricht<\/label>\n\t\t\t<input type=\"text\" id=\"wpforms-110-field_4\" class=\"wpforms-field-medium\" name=\"wpforms[fields][4]\" >\n\t\t<\/div>\n\t\t<div id=\"wpforms-110-field_1-container\" class=\"wpforms-field wpforms-field-name\" data-field-id=\"1\"><fieldset><legend class=\"wpforms-field-label\">Name <span class=\"wpforms-required-label\" aria-hidden=\"true\">*<\/span><\/legend><div class=\"wpforms-field-row wpforms-field-medium\"><div class=\"wpforms-field-row-block wpforms-first wpforms-one-half\"><input type=\"text\" id=\"wpforms-110-field_1\" class=\"wpforms-field-name-first wpforms-field-required\" name=\"wpforms[fields][1][first]\" aria-errormessage=\"wpforms-110-field_1-error\" required><label for=\"wpforms-110-field_1\" class=\"wpforms-field-sublabel after\">Vorname<\/label><\/div><div class=\"wpforms-field-row-block wpforms-one-half\"><input type=\"text\" id=\"wpforms-110-field_1-last\" class=\"wpforms-field-name-last wpforms-field-required\" name=\"wpforms[fields][1][last]\" aria-errormessage=\"wpforms-110-field_1-last-error\" required><label for=\"wpforms-110-field_1-last\" class=\"wpforms-field-sublabel after\">Nachname<\/label><\/div><\/div><\/fieldset><\/div><div id=\"wpforms-110-field_2-container\" class=\"wpforms-field wpforms-field-email\" data-field-id=\"2\"><label class=\"wpforms-field-label\" for=\"wpforms-110-field_2\">E-Mail <span class=\"wpforms-required-label\" aria-hidden=\"true\">*<\/span><\/label><input type=\"email\" id=\"wpforms-110-field_2\" class=\"wpforms-field-medium wpforms-field-required\" name=\"wpforms[fields][2]\" spellcheck=\"false\" aria-errormessage=\"wpforms-110-field_2-error\" required><\/div><div id=\"wpforms-110-field_3-container\" class=\"wpforms-field wpforms-field-textarea\" data-field-id=\"3\"><label class=\"wpforms-field-label\" for=\"wpforms-110-field_3\">Kommentar oder Nachricht<\/label><textarea id=\"wpforms-110-field_3\" class=\"wpforms-field-medium\" name=\"wpforms[fields][3]\" aria-errormessage=\"wpforms-110-field_3-error\" ><\/textarea><\/div><script>\n\t\t\t\t( function() {\n\t\t\t\t\tconst style = document.createElement( 'style' );\n\t\t\t\t\tstyle.appendChild( document.createTextNode( '#wpforms-110-field_4-container { position: absolute !important; overflow: hidden !important; display: inline !important; height: 1px !important; width: 1px !important; z-index: -1000 !important; padding: 0 !important; } #wpforms-110-field_4-container input { visibility: hidden; } #wpforms-conversational-form-page #wpforms-110-field_4-container label { counter-increment: none; }' ) );\n\t\t\t\t\tdocument.head.appendChild( style );\n\t\t\t\t\tdocument.currentScript?.remove();\n\t\t\t\t} )();\n\t\t\t<\/script><\/div><!-- .wpforms-field-container --><div class=\"wpforms-submit-container\" ><input type=\"hidden\" name=\"wpforms[id]\" value=\"110\"><input type=\"hidden\" name=\"page_title\" value=\"\"><input type=\"hidden\" name=\"page_url\" value=\"https:\/\/contatto.ch\/wordpress\/index.php\/wp-json\/wp\/v2\/pages\/17\"><input type=\"hidden\" name=\"url_referer\" value=\"\"><button type=\"submit\" name=\"wpforms[submit]\" id=\"wpforms-submit-110\" class=\"wpforms-submit\" data-alt-text=\"Senden\u2026\" data-submit-text=\"Absenden\" aria-live=\"assertive\" value=\"wpforms-submit\">Absenden<\/button><img loading=\"lazy\" decoding=\"async\" src=\"https:\/\/contatto.ch\/wordpress\/wp-content\/plugins\/wpforms-lite\/assets\/images\/submit-spin.svg\" class=\"wpforms-submit-spinner\" style=\"display: none;\" width=\"26\" height=\"26\" alt=\"Wird geladen\"><\/div><\/form><\/div>  <!-- .wpforms-container -->\n\n\n<div class=\"wp-block-group alignfull has-global-padding is-layout-constrained wp-container-core-group-is-layout-490fa1db wp-block-group-is-layout-constrained\" style=\"padding-top:var(--wp--preset--spacing--50);padding-right:var(--wp--preset--spacing--50);padding-bottom:var(--wp--preset--spacing--50);padding-left:var(--wp--preset--spacing--50)\">\n<div class=\"wp-block-group has-global-padding is-layout-constrained wp-container-core-group-is-layout-650790e1 wp-block-group-is-layout-constrained\">\n<h1 class=\"wp-block-heading has-text-align-center is-style-asterisk has-x-large-font-size\">So finden Sie uns<\/h1>\n\n\n\n<div style=\"height:20px\" aria-hidden=\"true\" class=\"wp-block-spacer\"><\/div>\n\n\n\n<p class=\"has-text-align-center\"><em>N\u00e4chste \u00d6V-Haltestellen:<br>Blotzheimerstrasse (Bus 38), Morgartenring (Tram 6)<br>Burgfelderplatz (Tram 1 und 3)<\/em> <\/p>\n<\/div>\n\n\n\n<div class=\"wp-block-group has-global-padding is-layout-constrained wp-block-group-is-layout-constrained\">\n<div class=\"wp-block-columns is-layout-flex wp-container-core-columns-is-layout-28f84493 wp-block-columns-is-layout-flex\">\n<div class=\"wp-block-column is-layout-flow wp-block-column-is-layout-flow\" style=\"flex-basis:100%\">\n<iframe src=\"https:\/\/www.google.com\/maps\/embed?pb=!1m18!1m12!1m3!1d5384.787952229264!2d7.565902312357279!3d47.560122491065094!2m3!1f0!2f0!3f0!3m2!1i1024!2i768!4f13.1!3m3!1m2!1s0x4791b904cbf3081d%3A0xecaef53be6f79624!2sConTatto%20GmbH%20Grisenti%20Walter%20Eltern-%20u.%20Familienbegleitung!5e0!3m2!1sde!2sch!4v1752933850247!5m2!1sde!2sch\" width=\"600\" height=\"450\" style=\"border:0;\" allowfullscreen=\"\" loading=\"lazy\" referrerpolicy=\"no-referrer-when-downgrade\"><\/iframe>\n<\/div>\n<\/div>\n<\/div>\n\n\n\n<p class=\"has-text-align-center\"><em>Rixheimerstrasse 32, 4055 Basel<\/em><\/p>\n<\/div>\n\n\n\n<div class=\"wp-block-group alignfull has-background-color has-global-padding is-layout-constrained wp-container-core-group-is-layout-5d2f8bdc wp-block-group-is-layout-constrained\" style=\"margin-top:0;margin-bottom:0;padding-top:var(--wp--preset--spacing--40);padding-right:var(--wp--preset--spacing--30);padding-bottom:var(--wp--preset--spacing--40);padding-left:var(--wp--preset--spacing--30)\">\n<div class=\"wp-block-group alignwide is-content-justification-space-between is-layout-flex wp-container-core-group-is-layout-b585a4aa wp-block-group-is-layout-flex\">\n<div class=\"wp-block-group is-layout-flex wp-block-group-is-layout-flex\"><h1 class=\"wp-block-site-title has-small-font-size\"><a href=\"https:\/\/contatto.ch\/wordpress\" target=\"_self\" rel=\"home\">Eltern- Familien- und Paarbegleitung<\/a><\/h1><\/div>\n\n\n\n<p><a href=\"https:\/\/contatto.ch\/wordpress\/index.php\/datenschutz\/\" data-type=\"page\" data-id=\"330\">Datenschutz<\/a><\/p>\n\n\n\n<p class=\"has-small-font-size\"> Proudly powered by <a rel=\"nofollow\" href=\"https:\/\/wordpress.org\">WordPress<\/a> <\/p>\n<\/div>\n<\/div>\n","protected":false},"excerpt":{"rendered":"<p>Sie erreichen uns f\u00fcr Anfragen w\u00e4hrend den B\u00fcrozeiten telefonisch unter: 061 515 02 66 oder 076 324 20 01 So finden Sie uns N\u00e4chste \u00d6V-Haltestellen:Blotzheimerstrasse (Bus 38), Morgartenring (Tram 6)Burgfelderplatz (Tram 1 und 3) Rixheimerstrasse 32, 4055 Basel<\/p>\n","protected":false},"author":1,"featured_media":0,"parent":0,"menu_order":0,"comment_status":"closed","ping_status":"closed","template":"","meta":{"footnotes":""},"class_list":["post-17","page","type-page","status-publish","hentry"],"_links":{"self":[{"href":"https:\/\/contatto.ch\/wordpress\/index.php\/wp-json\/wp\/v2\/pages\/17","targetHints":{"allow":["GET"]}}],"collection":[{"href":"https:\/\/contatto.ch\/wordpress\/index.php\/wp-json\/wp\/v2\/pages"}],"about":[{"href":"https:\/\/contatto.ch\/wordpress\/index.php\/wp-json\/wp\/v2\/types\/page"}],"author":[{"embeddable":true,"href":"https:\/\/contatto.ch\/wordpress\/index.php\/wp-json\/wp\/v2\/users\/1"}],"replies":[{"embeddable":true,"href":"https:\/\/contatto.ch\/wordpress\/index.php\/wp-json\/wp\/v2\/comments?post=17"}],"version-history":[{"count":27,"href":"https:\/\/contatto.ch\/wordpress\/index.php\/wp-json\/wp\/v2\/pages\/17\/revisions"}],"predecessor-version":[{"id":346,"href":"https:\/\/contatto.ch\/wordpress\/index.php\/wp-json\/wp\/v2\/pages\/17\/revisions\/346"}],"wp:attachment":[{"href":"https:\/\/contatto.ch\/wordpress\/index.php\/wp-json\/wp\/v2\/media?parent=17"}],"curies":[{"name":"wp","href":"https:\/\/api.w.org\/{rel}","templated":true}]}}