{"id":250,"date":"2025-10-09T18:45:03","date_gmt":"2025-10-09T18:45:03","guid":{"rendered":"https:\/\/contatto.ch\/wordpress\/?page_id=250"},"modified":"2026-02-01T16:04:22","modified_gmt":"2026-02-01T16:04:22","slug":"arbeitshaltung","status":"publish","type":"page","link":"https:\/\/contatto.ch\/wordpress\/index.php\/arbeitshaltung\/","title":{"rendered":"Arbeitshaltung"},"content":{"rendered":"\n<div class=\"wp-block-group alignfull has-base-2-background-color has-background has-global-padding is-layout-constrained wp-container-core-group-is-layout-669513ed wp-block-group-is-layout-constrained\" style=\"margin-top:0;margin-bottom:0;padding-top:var(--wp--preset--spacing--50);padding-right:var(--wp--preset--spacing--50);padding-bottom:var(--wp--preset--spacing--50);padding-left:var(--wp--preset--spacing--50)\">\n<div class=\"wp-block-group is-vertical is-content-justification-center is-layout-flex wp-container-core-group-is-layout-52b864f0 wp-block-group-is-layout-flex\">\n<div style=\"height:48px\" aria-hidden=\"true\" class=\"wp-block-spacer wp-container-content-eb1ede72\"><\/div>\n\n\n\n<div class=\"wp-block-group is-vertical is-layout-flex wp-container-core-group-is-layout-fe9cc265 wp-block-group-is-layout-flex\">\n<p>Wir begleiten Familien mit Respekt, Fachwissen und Erfahrung. Unsere Methoden stammen aus P\u00e4dagogik, Psychologie und Sozialarbeit. Wir unterst\u00fctzen sie in ihrer Alltags- und Erziehungskompetenz, f\u00f6rdern einen konstruktiven Umgang mit famili\u00e4ren Spannungen und begleiten die individuelle Entwicklung Ihrer Kinder. Das ist uns wichtig:<\/p>\n\n\n\n<ul class=\"wp-block-list\">\n<li>Im Mittelpunkt stehen Sie mit Ihren Anliegen und Problemstellungen<\/li>\n\n\n\n<li>Die Ziele werden gemeinsam formuliert<\/li>\n\n\n\n<li>Supervision und Weiterbildung ist Teil unserer Qualit\u00e4t Sicherung<\/li>\n\n\n\n<li>Datenschutz und Transparenz sind priorit\u00e4r: Kontaktaufnahme mit anderen Stellen nur nach schriftlicher Vereinbarung.<\/li>\n<\/ul>\n\n\n\n<p>Sie k\u00f6nnen sicher sein, dass wir die Herausforderungen im Alltag mit Kindern und Jugendlichen kennen und verstehen. Durch unsere Erfahrung in der Zusammenarbeit mit Beh\u00f6rden, Schulen, medizinischen Einrichtungen und anderen Fachpersonen stellen wir sicher, dass Ihre Familie bestm\u00f6glich begleitet wird. Dabei d\u00fcrfen Sie darauf vertrauen, dass die Menschen, die mit Ihnen arbeiten, qualifiziert, engagiert und bereit sind, gemeinsam mit Ihnen L\u00f6sungen zu finden.<\/p>\n<\/div>\n<\/div>\n<\/div>\n\n\n\n<div class=\"wp-block-group alignfull has-background-color has-global-padding is-layout-constrained wp-container-core-group-is-layout-5d2f8bdc wp-block-group-is-layout-constrained\" style=\"margin-top:0;margin-bottom:0;padding-top:var(--wp--preset--spacing--40);padding-right:var(--wp--preset--spacing--30);padding-bottom:var(--wp--preset--spacing--40);padding-left:var(--wp--preset--spacing--30)\">\n<div class=\"wp-block-group alignwide is-content-justification-space-between is-layout-flex wp-container-core-group-is-layout-b585a4aa wp-block-group-is-layout-flex\">\n<div class=\"wp-block-group is-layout-flex wp-block-group-is-layout-flex\"><h1 class=\"wp-block-site-title has-small-font-size\"><a href=\"https:\/\/contatto.ch\/wordpress\" target=\"_self\" rel=\"home\">Eltern- Familien- und Paarbegleitung<\/a><\/h1><\/div>\n\n\n\n<p><a href=\"https:\/\/contatto.ch\/wordpress\/index.php\/datenschutz\/\" data-type=\"page\" data-id=\"330\">Datenschutz<\/a><\/p>\n\n\n\n<p class=\"has-small-font-size\"> Proudly powered by <a rel=\"nofollow\" href=\"https:\/\/wordpress.org\">WordPress<\/a> <\/p>\n<\/div>\n<\/div>\n","protected":false},"excerpt":{"rendered":"","protected":false},"author":1,"featured_media":0,"parent":0,"menu_order":0,"comment_status":"closed","ping_status":"closed","template":"","meta":{"footnotes":""},"class_list":["post-250","page","type-page","status-publish","hentry"],"_links":{"self":[{"href":"https:\/\/contatto.ch\/wordpress\/index.php\/wp-json\/wp\/v2\/pages\/250","targetHints":{"allow":["GET"]}}],"collection":[{"href":"https:\/\/contatto.ch\/wordpress\/index.php\/wp-json\/wp\/v2\/pages"}],"about":[{"href":"https:\/\/contatto.ch\/wordpress\/index.php\/wp-json\/wp\/v2\/types\/page"}],"author":[{"embeddable":true,"href":"https:\/\/contatto.ch\/wordpress\/index.php\/wp-json\/wp\/v2\/users\/1"}],"replies":[{"embeddable":true,"href":"https:\/\/contatto.ch\/wordpress\/index.php\/wp-json\/wp\/v2\/comments?post=250"}],"version-history":[{"count":5,"href":"https:\/\/contatto.ch\/wordpress\/index.php\/wp-json\/wp\/v2\/pages\/250\/revisions"}],"predecessor-version":[{"id":340,"href":"https:\/\/contatto.ch\/wordpress\/index.php\/wp-json\/wp\/v2\/pages\/250\/revisions\/340"}],"wp:attachment":[{"href":"https:\/\/contatto.ch\/wordpress\/index.php\/wp-json\/wp\/v2\/media?parent=250"}],"curies":[{"name":"wp","href":"https:\/\/api.w.org\/{rel}","templated":true}]}}