{"id":67,"date":"2025-07-20T10:31:35","date_gmt":"2025-07-20T10:31:35","guid":{"rendered":"https:\/\/contatto.ch\/wordpress\/?page_id=67"},"modified":"2026-02-01T16:05:02","modified_gmt":"2026-02-01T16:05:02","slug":"aufsuchende-familienbegleitung","status":"publish","type":"page","link":"https:\/\/contatto.ch\/wordpress\/index.php\/aufsuchende-familienbegleitung\/","title":{"rendered":"Aufsuchende Familienbegleitung"},"content":{"rendered":"\n<div class=\"wp-block-group alignfull has-base-2-background-color has-background has-global-padding is-layout-constrained wp-container-core-group-is-layout-669513ed wp-block-group-is-layout-constrained\" style=\"margin-top:0;margin-bottom:0;padding-top:var(--wp--preset--spacing--50);padding-right:var(--wp--preset--spacing--50);padding-bottom:var(--wp--preset--spacing--50);padding-left:var(--wp--preset--spacing--50)\">\n<div class=\"wp-block-group is-vertical is-content-justification-center is-layout-flex wp-container-core-group-is-layout-52b864f0 wp-block-group-is-layout-flex\">\n<h4 class=\"wp-block-heading has-text-align-center is-style-asterisk\">M\u00f6gliche Gr\u00fcnde f\u00fcr die Familienbegleitung<\/h4>\n\n\n\n<div style=\"height:48px\" aria-hidden=\"true\" class=\"wp-block-spacer wp-container-content-eb1ede72\"><\/div>\n\n\n\n<ul class=\"wp-block-list\">\n<li>Gewaltt\u00e4tigkeit von Kinder gegen\u00fcber ihren Geschwistern, Eltern und anderen Personen<\/li>\n\n\n\n<li>Schuleschw\u00e4nzen, Schulverweigerung<\/li>\n\n\n\n<li>Autoaggressives Verhalten, Suchtmittelmissbrauch<\/li>\n\n\n\n<li>Konflikte bei Trennung- und Scheidung<\/li>\n\n\n\n<li>schwierigen Lebensphasen der Eltern die eine Erziehungs-Begleitung erfordern<\/li>\n<\/ul>\n<\/div>\n<\/div>\n\n\n\n<div class=\"wp-block-group alignfull has-base-2-background-color has-background has-global-padding is-layout-constrained wp-container-core-group-is-layout-669513ed wp-block-group-is-layout-constrained\" style=\"margin-top:0;margin-bottom:0;padding-top:var(--wp--preset--spacing--50);padding-right:var(--wp--preset--spacing--50);padding-bottom:var(--wp--preset--spacing--50);padding-left:var(--wp--preset--spacing--50)\">\n<div class=\"wp-block-group is-vertical is-content-justification-center is-layout-flex wp-container-core-group-is-layout-52b864f0 wp-block-group-is-layout-flex\">\n<h4 class=\"wp-block-heading has-text-align-center is-style-asterisk\">St\u00e4rkung der elterlichen Pr\u00e4senz<\/h4>\n\n\n\n<div style=\"height:48px\" aria-hidden=\"true\" class=\"wp-block-spacer wp-container-content-eb1ede72\"><\/div>\n\n\n\n<ul class=\"wp-block-list\">\n<li>Klare Anwesenheit, k\u00f6rperliche Pr\u00e4senz &#8222;ich bin anwesend&#8220;<\/li>\n\n\n\n<li>Zeitliche Erreichbarkeit &#8222;ich nehme mir Zeit&#8220;<\/li>\n\n\n\n<li>Strukturgebung &#8222;ich bringe meine Regeln als Vater\/Mutter zur Geltung&#8220;<\/li>\n\n\n\n<li>Beziehung &#8222;ich bin und bleibe deine Mutter\/dein Vater egal was passiert&#8220;<\/li>\n\n\n\n<li>Verzicht auf Vorschriften und Beschuldigungen<\/li>\n\n\n\n<li>Verzicht auf k\u00f6rperliche und seelische Gewalt<\/li>\n\n\n\n<li>Sensibilit\u00e4t f\u00fcr die W\u00fcrde des Kindes<\/li>\n\n\n\n<li>Vermittlung von Kraft f\u00fcr die Eltern<\/li>\n<\/ul>\n<\/div>\n\n\n\n<p>Die Kostengutsprache f\u00fcr eine Eltern- \/ Familienbegleitung erfolgt in der Regel von der Kinder- und Erwachsenenschutz Beh\u00f6rde (KESB) oder einer Sozialf\u00fcrsorge.<br><\/p>\n<\/div>\n\n\n\n<div class=\"wp-block-group alignfull has-background-color has-global-padding is-layout-constrained wp-container-core-group-is-layout-5d2f8bdc wp-block-group-is-layout-constrained\" style=\"margin-top:0;margin-bottom:0;padding-top:var(--wp--preset--spacing--40);padding-right:var(--wp--preset--spacing--30);padding-bottom:var(--wp--preset--spacing--40);padding-left:var(--wp--preset--spacing--30)\">\n<div class=\"wp-block-group alignwide is-content-justification-space-between is-layout-flex wp-container-core-group-is-layout-b585a4aa wp-block-group-is-layout-flex\">\n<div class=\"wp-block-group is-layout-flex wp-block-group-is-layout-flex\"><h1 class=\"wp-block-site-title has-small-font-size\"><a href=\"https:\/\/contatto.ch\/wordpress\" target=\"_self\" rel=\"home\">Eltern- Familien- und Paarbegleitung<\/a><\/h1><\/div>\n\n\n\n<p><a href=\"https:\/\/contatto.ch\/wordpress\/index.php\/datenschutz\/\" data-type=\"page\" data-id=\"330\">Datenschutz<\/a><\/p>\n\n\n\n<p class=\"has-small-font-size\"> Proudly powered by <a rel=\"nofollow\" href=\"https:\/\/wordpress.org\">WordPress<\/a> <\/p>\n<\/div>\n<\/div>\n","protected":false},"excerpt":{"rendered":"<p>M\u00f6gliche Gr\u00fcnde f\u00fcr die Familienbegleitung St\u00e4rkung der elterlichen Pr\u00e4senz Die Kostengutsprache f\u00fcr eine Eltern- \/ Familienbegleitung erfolgt in der Regel von der Kinder- und Erwachsenenschutz Beh\u00f6rde (KESB) oder einer Sozialf\u00fcrsorge.<\/p>\n","protected":false},"author":1,"featured_media":0,"parent":0,"menu_order":0,"comment_status":"closed","ping_status":"closed","template":"","meta":{"footnotes":""},"class_list":["post-67","page","type-page","status-publish","hentry"],"_links":{"self":[{"href":"https:\/\/contatto.ch\/wordpress\/index.php\/wp-json\/wp\/v2\/pages\/67","targetHints":{"allow":["GET"]}}],"collection":[{"href":"https:\/\/contatto.ch\/wordpress\/index.php\/wp-json\/wp\/v2\/pages"}],"about":[{"href":"https:\/\/contatto.ch\/wordpress\/index.php\/wp-json\/wp\/v2\/types\/page"}],"author":[{"embeddable":true,"href":"https:\/\/contatto.ch\/wordpress\/index.php\/wp-json\/wp\/v2\/users\/1"}],"replies":[{"embeddable":true,"href":"https:\/\/contatto.ch\/wordpress\/index.php\/wp-json\/wp\/v2\/comments?post=67"}],"version-history":[{"count":6,"href":"https:\/\/contatto.ch\/wordpress\/index.php\/wp-json\/wp\/v2\/pages\/67\/revisions"}],"predecessor-version":[{"id":342,"href":"https:\/\/contatto.ch\/wordpress\/index.php\/wp-json\/wp\/v2\/pages\/67\/revisions\/342"}],"wp:attachment":[{"href":"https:\/\/contatto.ch\/wordpress\/index.php\/wp-json\/wp\/v2\/media?parent=67"}],"curies":[{"name":"wp","href":"https:\/\/api.w.org\/{rel}","templated":true}]}}