{"id":69,"date":"2025-07-20T10:31:56","date_gmt":"2025-07-20T10:31:56","guid":{"rendered":"https:\/\/contatto.ch\/wordpress\/?page_id=69"},"modified":"2026-02-01T16:04:04","modified_gmt":"2026-02-01T16:04:04","slug":"eltern-und-kinder","status":"publish","type":"page","link":"https:\/\/contatto.ch\/wordpress\/index.php\/eltern-und-kinder\/","title":{"rendered":"Angebot f\u00fcr Eltern und Kinder"},"content":{"rendered":"\n<div class=\"wp-block-group alignfull has-base-2-background-color has-background has-global-padding is-layout-constrained wp-container-core-group-is-layout-669513ed wp-block-group-is-layout-constrained\" style=\"margin-top:0;margin-bottom:0;padding-top:var(--wp--preset--spacing--50);padding-right:var(--wp--preset--spacing--50);padding-bottom:var(--wp--preset--spacing--50);padding-left:var(--wp--preset--spacing--50)\">\n<div class=\"wp-block-group is-vertical is-content-justification-center is-layout-flex wp-container-core-group-is-layout-52b864f0 wp-block-group-is-layout-flex\">\n<h4 class=\"wp-block-heading has-text-align-center is-style-asterisk\">Individuelle Elternberatung bei AD(H)S<\/h4>\n\n\n\n<div style=\"height:48px\" aria-hidden=\"true\" class=\"wp-block-spacer wp-container-content-eb1ede72\"><\/div>\n\n\n\n<div class=\"wp-block-group is-vertical is-layout-flex wp-container-core-group-is-layout-fe9cc265 wp-block-group-is-layout-flex\">\n<p class=\"has-text-align-left\">Sie k\u00f6nnen Ihre Freuden und Leiden, welche die Beziehung zu Ihrem Kind mit sich bringt, und konkrete Beispiele dazu erz\u00e4hlen. <\/p>\n\n\n\n<p class=\"has-text-align-left\">Absicht der individuellen Beratung ist, dass Sie in kurzer Zeit neue Handlungsans\u00e4tze f\u00fcr die Erziehung Ihres Kindes erhalten und sich dies positiv auf die Beziehung zu Ihrem Kind auswirkt.<\/p>\n<\/div>\n<\/div>\n<\/div>\n\n\n\n<div class=\"wp-block-group alignfull has-base-2-background-color has-background has-global-padding is-layout-constrained wp-container-core-group-is-layout-669513ed wp-block-group-is-layout-constrained\" style=\"margin-top:0;margin-bottom:0;padding-top:var(--wp--preset--spacing--50);padding-right:var(--wp--preset--spacing--50);padding-bottom:var(--wp--preset--spacing--50);padding-left:var(--wp--preset--spacing--50)\">\n<div class=\"wp-block-group is-vertical is-content-justification-center is-layout-flex wp-container-core-group-is-layout-52b864f0 wp-block-group-is-layout-flex\">\n<h4 class=\"wp-block-heading has-text-align-center is-style-asterisk\">H\u00e4ufige Fragestellungen<\/h4>\n\n\n\n<div style=\"height:48px\" aria-hidden=\"true\" class=\"wp-block-spacer wp-container-content-eb1ede72\"><\/div>\n\n\n\n<ul class=\"wp-block-list\">\n<li>Wie kann ich in der Erziehung die Vorteile des AD(H)S meines Kindes optimal n\u00fctzen?<\/li>\n\n\n\n<li>Was muss ich im Umgang mit meinem Kind unbedingt vermeiden?<\/li>\n\n\n\n<li>Welche Schwerpunkte muss ich in der Erziehung meines Kindes setzen und worauf muss ich mich achten?<\/li>\n\n\n\n<li>Wann und wie kann ich meinem Kind erkl\u00e4ren, was AD(H)S ist?<\/li>\n\n\n\n<li>Wie entsteht AD(H)S und welches sind die neusten wissenschaftlichen Erkenntnisse dar\u00fcber?<\/li>\n\n\n\n<li>Worauf muss ich im Umgang mit dem sozialen Umfeld (Verwandte, Bekannte, Lehrpersonal etc.) achten?<br><br><\/li>\n<\/ul>\n<\/div>\n<\/div>\n\n\n\n<div class=\"wp-block-group alignfull has-background-color has-global-padding is-layout-constrained wp-container-core-group-is-layout-5d2f8bdc wp-block-group-is-layout-constrained\" style=\"margin-top:0;margin-bottom:0;padding-top:var(--wp--preset--spacing--40);padding-right:var(--wp--preset--spacing--30);padding-bottom:var(--wp--preset--spacing--40);padding-left:var(--wp--preset--spacing--30)\">\n<div class=\"wp-block-group alignwide is-content-justification-space-between is-layout-flex wp-container-core-group-is-layout-b585a4aa wp-block-group-is-layout-flex\">\n<div class=\"wp-block-group is-layout-flex wp-block-group-is-layout-flex\"><h1 class=\"wp-block-site-title has-small-font-size\"><a href=\"https:\/\/contatto.ch\/wordpress\" target=\"_self\" rel=\"home\">Eltern- Familien- und Paarbegleitung<\/a><\/h1><\/div>\n\n\n\n<p><a href=\"https:\/\/contatto.ch\/wordpress\/index.php\/datenschutz\/\" data-type=\"page\" data-id=\"330\">Datenschutz<\/a><\/p>\n\n\n\n<p class=\"has-small-font-size\"> Proudly powered by <a rel=\"nofollow\" href=\"https:\/\/wordpress.org\">WordPress<\/a> <\/p>\n<\/div>\n<\/div>\n","protected":false},"excerpt":{"rendered":"<p>Individuelle Elternberatung bei AD(H)S Sie k\u00f6nnen Ihre Freuden und Leiden, welche die Beziehung zu Ihrem Kind mit sich bringt, und konkrete Beispiele dazu erz\u00e4hlen. Absicht der individuellen Beratung ist, dass Sie in kurzer Zeit neue Handlungsans\u00e4tze f\u00fcr die Erziehung Ihres Kindes erhalten und sich dies positiv auf die Beziehung zu Ihrem Kind auswirkt. H\u00e4ufige Fragestellungen<\/p>\n","protected":false},"author":1,"featured_media":0,"parent":0,"menu_order":0,"comment_status":"closed","ping_status":"closed","template":"","meta":{"footnotes":""},"class_list":["post-69","page","type-page","status-publish","hentry"],"_links":{"self":[{"href":"https:\/\/contatto.ch\/wordpress\/index.php\/wp-json\/wp\/v2\/pages\/69","targetHints":{"allow":["GET"]}}],"collection":[{"href":"https:\/\/contatto.ch\/wordpress\/index.php\/wp-json\/wp\/v2\/pages"}],"about":[{"href":"https:\/\/contatto.ch\/wordpress\/index.php\/wp-json\/wp\/v2\/types\/page"}],"author":[{"embeddable":true,"href":"https:\/\/contatto.ch\/wordpress\/index.php\/wp-json\/wp\/v2\/users\/1"}],"replies":[{"embeddable":true,"href":"https:\/\/contatto.ch\/wordpress\/index.php\/wp-json\/wp\/v2\/comments?post=69"}],"version-history":[{"count":7,"href":"https:\/\/contatto.ch\/wordpress\/index.php\/wp-json\/wp\/v2\/pages\/69\/revisions"}],"predecessor-version":[{"id":338,"href":"https:\/\/contatto.ch\/wordpress\/index.php\/wp-json\/wp\/v2\/pages\/69\/revisions\/338"}],"wp:attachment":[{"href":"https:\/\/contatto.ch\/wordpress\/index.php\/wp-json\/wp\/v2\/media?parent=69"}],"curies":[{"name":"wp","href":"https:\/\/api.w.org\/{rel}","templated":true}]}}