{"id":71,"date":"2025-07-20T10:32:15","date_gmt":"2025-07-20T10:32:15","guid":{"rendered":"https:\/\/contatto.ch\/wordpress\/?page_id=71"},"modified":"2026-02-01T16:05:17","modified_gmt":"2026-02-01T16:05:17","slug":"beratung-bei-adhs","status":"publish","type":"page","link":"https:\/\/contatto.ch\/wordpress\/index.php\/beratung-bei-adhs\/","title":{"rendered":"Beratung bei ADHS"},"content":{"rendered":"\n<div class=\"wp-block-group alignfull has-base-2-background-color has-background has-global-padding is-layout-constrained wp-container-core-group-is-layout-669513ed wp-block-group-is-layout-constrained\" style=\"margin-top:0;margin-bottom:0;padding-top:var(--wp--preset--spacing--50);padding-right:var(--wp--preset--spacing--50);padding-bottom:var(--wp--preset--spacing--50);padding-left:var(--wp--preset--spacing--50)\">\n<div class=\"wp-block-group is-vertical is-content-justification-center is-layout-flex wp-container-core-group-is-layout-52b864f0 wp-block-group-is-layout-flex\">\n<h4 class=\"wp-block-heading has-text-align-center is-style-asterisk\">Elternbegleitung bei Behandlung mit Ritalin<\/h4>\n\n\n\n<div style=\"height:48px\" aria-hidden=\"true\" class=\"wp-block-spacer wp-container-content-eb1ede72\"><\/div>\n\n\n\n<p>Fragen zur medikament\u00f6sen Behandlung von AD(H)S werden mit den \u00c4rzten besprochen. Medikamente alleine k\u00f6nnen jedoch auf lange Frist keine Verhaltens\u00e4nderung bewirken. Dazu braucht es die Hilfe und Unterst\u00fctzung der Eltern und der nahen Bezugspersonen, also der Lehrkr\u00e4fte und von allen Personen, mit denen das Kind in Beziehung ist. In der Elternberatung werden die M\u00f6glichkeiten im Umgang mit dem Kind besprochen. Wir gehen von realit\u00e4tsnahen Problemstellungen aus, so ist die Hilfe auch konkret und effektiv. Die Begleitung erh\u00f6ht die Erfolgschancen einer Behandlung durch den Arzt.<\/p>\n<\/div>\n\n\n\n<p><\/p>\n\n\n\n<div class=\"wp-block-group is-vertical is-content-justification-center is-layout-flex wp-container-core-group-is-layout-52b864f0 wp-block-group-is-layout-flex\">\n<ul class=\"wp-block-list\">\n<li>Wo setzt die medikament\u00f6se Behandlung an und was bewirkt sie?<\/li>\n\n\n\n<li>Wie kann man dem Kind auf eine angemessene und verst\u00e4ndlichen Art erkl\u00e4ren, was AD(H)S ist und wie die Medikamente helfen k\u00f6nnen?<\/li>\n\n\n\n<li>Worauf muss unbedingt in der Zusammenarbeit mit den \u00c4rzten und anderen wichtigen Bezugspersonen des Kindes geachtet werden?<br><br><\/li>\n<\/ul>\n<\/div>\n<\/div>\n\n\n\n<div class=\"wp-block-group alignfull has-background-color has-global-padding is-layout-constrained wp-container-core-group-is-layout-5d2f8bdc wp-block-group-is-layout-constrained\" style=\"margin-top:0;margin-bottom:0;padding-top:var(--wp--preset--spacing--40);padding-right:var(--wp--preset--spacing--30);padding-bottom:var(--wp--preset--spacing--40);padding-left:var(--wp--preset--spacing--30)\">\n<div class=\"wp-block-group alignwide is-content-justification-space-between is-layout-flex wp-container-core-group-is-layout-b585a4aa wp-block-group-is-layout-flex\">\n<div class=\"wp-block-group is-layout-flex wp-block-group-is-layout-flex\"><h1 class=\"wp-block-site-title has-small-font-size\"><a href=\"https:\/\/contatto.ch\/wordpress\" target=\"_self\" rel=\"home\">Eltern- Familien- und Paarbegleitung<\/a><\/h1><\/div>\n\n\n\n<p><a href=\"https:\/\/contatto.ch\/wordpress\/index.php\/datenschutz\/\" data-type=\"page\" data-id=\"330\">Datenschutz<\/a><\/p>\n\n\n\n<p class=\"has-small-font-size\"> Proudly powered by <a rel=\"nofollow\" href=\"https:\/\/wordpress.org\">WordPress<\/a> <\/p>\n<\/div>\n<\/div>\n","protected":false},"excerpt":{"rendered":"<p>Elternbegleitung bei Behandlung mit Ritalin Fragen zur medikament\u00f6sen Behandlung von AD(H)S werden mit den \u00c4rzten besprochen. Medikamente alleine k\u00f6nnen jedoch auf lange Frist keine Verhaltens\u00e4nderung bewirken. Dazu braucht es die Hilfe und Unterst\u00fctzung der Eltern und der nahen Bezugspersonen, also der Lehrkr\u00e4fte und von allen Personen, mit denen das Kind in Beziehung ist. In der [&hellip;]<\/p>\n","protected":false},"author":1,"featured_media":0,"parent":0,"menu_order":0,"comment_status":"closed","ping_status":"closed","template":"","meta":{"footnotes":""},"class_list":["post-71","page","type-page","status-publish","hentry"],"_links":{"self":[{"href":"https:\/\/contatto.ch\/wordpress\/index.php\/wp-json\/wp\/v2\/pages\/71","targetHints":{"allow":["GET"]}}],"collection":[{"href":"https:\/\/contatto.ch\/wordpress\/index.php\/wp-json\/wp\/v2\/pages"}],"about":[{"href":"https:\/\/contatto.ch\/wordpress\/index.php\/wp-json\/wp\/v2\/types\/page"}],"author":[{"embeddable":true,"href":"https:\/\/contatto.ch\/wordpress\/index.php\/wp-json\/wp\/v2\/users\/1"}],"replies":[{"embeddable":true,"href":"https:\/\/contatto.ch\/wordpress\/index.php\/wp-json\/wp\/v2\/comments?post=71"}],"version-history":[{"count":5,"href":"https:\/\/contatto.ch\/wordpress\/index.php\/wp-json\/wp\/v2\/pages\/71\/revisions"}],"predecessor-version":[{"id":343,"href":"https:\/\/contatto.ch\/wordpress\/index.php\/wp-json\/wp\/v2\/pages\/71\/revisions\/343"}],"wp:attachment":[{"href":"https:\/\/contatto.ch\/wordpress\/index.php\/wp-json\/wp\/v2\/media?parent=71"}],"curies":[{"name":"wp","href":"https:\/\/api.w.org\/{rel}","templated":true}]}}