{"id":73,"date":"2025-07-20T10:32:26","date_gmt":"2025-07-20T10:32:26","guid":{"rendered":"https:\/\/contatto.ch\/wordpress\/?page_id=73"},"modified":"2026-02-01T16:04:04","modified_gmt":"2026-02-01T16:04:04","slug":"fachleute","status":"publish","type":"page","link":"https:\/\/contatto.ch\/wordpress\/index.php\/fachleute\/","title":{"rendered":"Angebote f\u00fcr Fachleute"},"content":{"rendered":"\n<div class=\"wp-block-group alignfull has-base-2-background-color has-background has-global-padding is-layout-constrained wp-container-core-group-is-layout-669513ed wp-block-group-is-layout-constrained\" style=\"margin-top:0;margin-bottom:0;padding-top:var(--wp--preset--spacing--50);padding-right:var(--wp--preset--spacing--50);padding-bottom:var(--wp--preset--spacing--50);padding-left:var(--wp--preset--spacing--50)\">\n<div class=\"wp-block-group is-vertical is-content-justification-center is-layout-flex wp-container-core-group-is-layout-52b864f0 wp-block-group-is-layout-flex\">\n<h4 class=\"wp-block-heading has-text-align-center is-style-asterisk\">Die folgenden Fragestellungen werden in der Weiterbildung f\u00fcr Fachpersonen durch Beispiele aus der Praxis er\u00f6rtert und vertieft:<\/h4>\n\n\n\n<div style=\"height:48px\" aria-hidden=\"true\" class=\"wp-block-spacer wp-container-content-eb1ede72\"><\/div>\n\n\n\n<div class=\"wp-block-group is-vertical is-layout-flex wp-container-core-group-is-layout-d6b9ab57 wp-block-group-is-layout-flex\">\n<ul class=\"wp-block-list\">\n<li>Was ist ADHS?<br><em>Heutige Definition der Aufmerksamkeits-Defizit-St\u00f6rung mit und ohne Hyperaktivit\u00e4t.<\/em><\/li>\n<\/ul>\n\n\n\n<p><\/p>\n\n\n\n<ul class=\"wp-block-list\">\n<li>Wie entsteht ADHS?<br><em>Neurobiologische Erkl\u00e4rung, wie die Symptomatik nach neusten Erkenntnissen entsteht.<\/em> <em>Vorteile einer Fr\u00fcherkennung.<\/em><\/li>\n<\/ul>\n\n\n\n<p><\/p>\n\n\n\n<ul class=\"wp-block-list\">\n<li>Wie erkennen wir die Symptome?\n<ul class=\"wp-block-list\">\n<li><em>Beim Baby?<\/em><\/li>\n\n\n\n<li><em>Beim Vorschulkind mit und ohne Hyperaktivit\u00e4t?<\/em><br><em>Die positiven Seiten und die Ressourcen der Symptomatik.<\/em><\/li>\n<\/ul>\n<\/li>\n<\/ul>\n\n\n\n<p><\/p>\n\n\n\n<ul class=\"wp-block-list\">\n<li>AD(H)S-Betroffene: Behandlung und Umgang<br>Ad\u00e4quater und altersgerechter Umgang?\n<ul class=\"wp-block-list\">\n<li><em>Worauf m\u00fcssen wir bei der Beziehungsgestaltung achten?<\/em><\/li>\n<\/ul>\n<\/li>\n<\/ul>\n\n\n\n<p><\/p>\n\n\n\n<ul class=\"wp-block-list\">\n<li>Welche neuen p\u00e4dagogischen Ans\u00e4tze k\u00f6nnten davon abgeleitet werden?<br><em>Beispiele aus dem Arbeitsalltag, Diskussion und Vertiefung.<\/em><\/li>\n<\/ul>\n\n\n\n<p class=\"has-text-align-center\"><\/p>\n\n\n\n<p class=\"has-text-align-center\"><\/p>\n<\/div>\n<\/div>\n<\/div>\n\n\n\n<div class=\"wp-block-group alignfull has-background-color has-global-padding is-layout-constrained wp-container-core-group-is-layout-5d2f8bdc wp-block-group-is-layout-constrained\" style=\"margin-top:0;margin-bottom:0;padding-top:var(--wp--preset--spacing--40);padding-right:var(--wp--preset--spacing--30);padding-bottom:var(--wp--preset--spacing--40);padding-left:var(--wp--preset--spacing--30)\">\n<div class=\"wp-block-group alignwide is-content-justification-space-between is-layout-flex wp-container-core-group-is-layout-b585a4aa wp-block-group-is-layout-flex\">\n<div class=\"wp-block-group is-layout-flex wp-block-group-is-layout-flex\"><h1 class=\"wp-block-site-title has-small-font-size\"><a href=\"https:\/\/contatto.ch\/wordpress\" target=\"_self\" rel=\"home\">Eltern- Familien- und Paarbegleitung<\/a><\/h1><\/div>\n\n\n\n<p><a href=\"https:\/\/contatto.ch\/wordpress\/index.php\/datenschutz\/\" data-type=\"page\" data-id=\"330\">Datenschutz<\/a><\/p>\n\n\n\n<p class=\"has-small-font-size\"> Proudly powered by <a rel=\"nofollow\" href=\"https:\/\/wordpress.org\">WordPress<\/a> <\/p>\n<\/div>\n<\/div>\n","protected":false},"excerpt":{"rendered":"<p>Die folgenden Fragestellungen werden in der Weiterbildung f\u00fcr Fachpersonen durch Beispiele aus der Praxis er\u00f6rtert und vertieft:<\/p>\n","protected":false},"author":1,"featured_media":0,"parent":0,"menu_order":0,"comment_status":"closed","ping_status":"closed","template":"","meta":{"footnotes":""},"class_list":["post-73","page","type-page","status-publish","hentry"],"_links":{"self":[{"href":"https:\/\/contatto.ch\/wordpress\/index.php\/wp-json\/wp\/v2\/pages\/73","targetHints":{"allow":["GET"]}}],"collection":[{"href":"https:\/\/contatto.ch\/wordpress\/index.php\/wp-json\/wp\/v2\/pages"}],"about":[{"href":"https:\/\/contatto.ch\/wordpress\/index.php\/wp-json\/wp\/v2\/types\/page"}],"author":[{"embeddable":true,"href":"https:\/\/contatto.ch\/wordpress\/index.php\/wp-json\/wp\/v2\/users\/1"}],"replies":[{"embeddable":true,"href":"https:\/\/contatto.ch\/wordpress\/index.php\/wp-json\/wp\/v2\/comments?post=73"}],"version-history":[{"count":6,"href":"https:\/\/contatto.ch\/wordpress\/index.php\/wp-json\/wp\/v2\/pages\/73\/revisions"}],"predecessor-version":[{"id":339,"href":"https:\/\/contatto.ch\/wordpress\/index.php\/wp-json\/wp\/v2\/pages\/73\/revisions\/339"}],"wp:attachment":[{"href":"https:\/\/contatto.ch\/wordpress\/index.php\/wp-json\/wp\/v2\/media?parent=73"}],"curies":[{"name":"wp","href":"https:\/\/api.w.org\/{rel}","templated":true}]}}